{"id":57,"date":"2019-07-15T11:21:12","date_gmt":"2019-07-15T09:21:12","guid":{"rendered":"https:\/\/blog.niederoesterreichbahnen.at\/?page_id=57"},"modified":"2019-07-15T11:21:12","modified_gmt":"2019-07-15T09:21:12","slug":"noevog-infocenter","status":"publish","type":"page","link":"https:\/\/blog.noevog.at\/index.php\/noevog-infocenter\/","title":{"rendered":"Nieder\u00f6sterreich Bahnen Infocenter"},"content":{"rendered":"\n<p class=\"has-text-align-center\">Wir helfen dir bei Fragen zu Fahrpl\u00e4nen oder Fahrkarten, beim Kauf von  Tickets <\/p>\n\n\n\n<p class=\"has-text-align-center\">oder bei deiner Reiseplanung und stehen nat\u00fcrlich f\u00fcr Feedback  jeder Art zur Verf\u00fcgung.<\/p>\n\n\n\n<p class=\"has-text-align-center\"><strong>Nieder\u00f6sterreichische Verkehrsorganisationsges.m.b.H. (N\u00d6VOG)<\/strong><br>z.H. Nieder\u00f6sterreich Bahnen Infocenter, Werkst\u00e4ttenstra\u00dfe 13, 3100 St. P\u00f6lten<br>Tel.: +43 2742 360 990-1000<br>E-Mail: <a rel=\"noreferrer noopener\" href=\"mailto:info@niederoesterreichbahnen.at\" target=\"_blank\">info@niederoesterreichbahne<\/a><a href=\"mailto:info@niederoesterreichbahnen.at\" target=\"_blank\" rel=\"noreferrer noopener\">n<\/a><a rel=\"noreferrer noopener\" href=\"mailto:info@niederoesterreichbahnen.at\" target=\"_blank\">.at<\/a><\/p>\n\n\n\n<p class=\"has-text-align-center\"><strong>\u00d6ffnungszeiten<\/strong><br>t\u00e4glich von 7:30 &#8211; 17:00 Uhr<\/p>\n\n\n\n<p> <\/p>\n","protected":false},"excerpt":{"rendered":"<p>Wir helfen dir bei Fragen zu Fahrpl\u00e4nen oder Fahrkarten, beim Kauf von Tickets oder bei deiner Reiseplanung und stehen nat\u00fcrlich f\u00fcr Feedback jeder Art zur Verf\u00fcgung. Nieder\u00f6sterreichische Verkehrsorganisationsges.m.b.H. (N\u00d6VOG)z.H. Nieder\u00f6sterreich Bahnen Infocenter, Werkst\u00e4ttenstra\u00dfe 13, 3100 St. P\u00f6ltenTel.: +43 2742 360 990-1000E-Mail: info@niederoesterreichbahnen.at \u00d6ffnungszeitent\u00e4glich von 7:30 &#8211; 17:00 Uhr<\/p>\n","protected":false},"author":2,"featured_media":0,"parent":0,"menu_order":0,"comment_status":"closed","ping_status":"closed","template":"","meta":{"footnotes":""},"class_list":["post-57","page","type-page","status-publish","hentry"],"acf":[],"_links":{"self":[{"href":"https:\/\/blog.noevog.at\/index.php\/wp-json\/wp\/v2\/pages\/57","targetHints":{"allow":["GET"]}}],"collection":[{"href":"https:\/\/blog.noevog.at\/index.php\/wp-json\/wp\/v2\/pages"}],"about":[{"href":"https:\/\/blog.noevog.at\/index.php\/wp-json\/wp\/v2\/types\/page"}],"author":[{"embeddable":true,"href":"https:\/\/blog.noevog.at\/index.php\/wp-json\/wp\/v2\/users\/2"}],"replies":[{"embeddable":true,"href":"https:\/\/blog.noevog.at\/index.php\/wp-json\/wp\/v2\/comments?post=57"}],"version-history":[{"count":0,"href":"https:\/\/blog.noevog.at\/index.php\/wp-json\/wp\/v2\/pages\/57\/revisions"}],"wp:attachment":[{"href":"https:\/\/blog.noevog.at\/index.php\/wp-json\/wp\/v2\/media?parent=57"}],"curies":[{"name":"wp","href":"https:\/\/api.w.org\/{rel}","templated":true}]}}